{"id":22,"date":"2021-01-13T15:49:43","date_gmt":"2021-01-13T14:49:43","guid":{"rendered":"http:\/\/www.lichtenborn.de\/?page_id=22"},"modified":"2021-01-13T16:07:17","modified_gmt":"2021-01-13T15:07:17","slug":"gemeindewappen","status":"publish","type":"page","link":"http:\/\/www.lichtenborn.de\/?page_id=22","title":{"rendered":"Gemeindewappen"},"content":{"rendered":"\n<div class=\"wp-block-image\"><figure class=\"alignright size-large\"><img loading=\"lazy\" decoding=\"async\" width=\"120\" height=\"128\" src=\"http:\/\/www.lichtenborn.de\/wp-content\/uploads\/2021\/01\/wappen.gif\" alt=\"Bild: Wappen der Ortsgemeinde Lichtenborn\" class=\"wp-image-6\"\/><\/figure><\/div>\n\n\n\n<p><strong>Blasonierung<\/strong><\/p>\n\n\n\n<p>In Silber eine rote Deichsel umgeben von drei schwarzen Schleifen.<\/p>\n\n\n\n<p><br><strong>Geschichte und Begr\u00fcndung<\/strong><\/p>\n\n\n\n<p>Die Deichsel symbolisiert die Stra\u00dfengabelung in der Ortsmitte von Lichtenborn, wo die aus dem Pr\u00fcmtal kommende Stra\u00dfe nach links in Richtung Luxemburg und nach rechts in Richtung Belgien abbiegt.<\/p>\n\n\n\n<p>Die Farben Rot und Silber nehmen Bezug auf das Wappen der Familie von Brandenburg wie auch auf das \u00e4lteste Wappen der Grafen von Vianden. Beide zeigen in Rot einen silbernen Mittelschild.<\/p>\n\n\n\n<p>Die Herren von Brandenburg (Lux.) hatten das Patronat \u00fcber die Lichtenborner Kirche. Sie stammen von den Viandener Grafen ab, die wahrscheinlich die erste Kirche in Lichtenborn als Eigenkirche gr\u00fcndeten.<\/p>\n\n\n\n<p>Die drei Schleifen stehen f\u00fcr die drei ehemaligen Gemeinden Lichtenborn, Kopscheid und Stalbach, die sich 1971 zur neuen Ortsgemeinde Lichtenborn zusammenschlossen. Sie sind nach Ornamenten auf Lichtenborner Schaftkreuzen aus dem 18. Jahrhundert gestaltet.<\/p>\n","protected":false},"excerpt":{"rendered":"<p>Blasonierung In Silber eine rote Deichsel umgeben von drei schwarzen Schleifen. Geschichte und Begr\u00fcndung Die Deichsel symbolisiert die Stra\u00dfengabelung in der Ortsmitte von Lichtenborn, wo die aus dem Pr\u00fcmtal kommende Stra\u00dfe nach links in Richtung Luxemburg und nach rechts in<\/p>\n","protected":false},"author":1,"featured_media":0,"parent":0,"menu_order":0,"comment_status":"closed","ping_status":"closed","template":"","meta":{"footnotes":""},"class_list":["post-22","page","type-page","status-publish","hentry"],"_links":{"self":[{"href":"http:\/\/www.lichtenborn.de\/index.php?rest_route=\/wp\/v2\/pages\/22","targetHints":{"allow":["GET"]}}],"collection":[{"href":"http:\/\/www.lichtenborn.de\/index.php?rest_route=\/wp\/v2\/pages"}],"about":[{"href":"http:\/\/www.lichtenborn.de\/index.php?rest_route=\/wp\/v2\/types\/page"}],"author":[{"embeddable":true,"href":"http:\/\/www.lichtenborn.de\/index.php?rest_route=\/wp\/v2\/users\/1"}],"replies":[{"embeddable":true,"href":"http:\/\/www.lichtenborn.de\/index.php?rest_route=%2Fwp%2Fv2%2Fcomments&post=22"}],"version-history":[{"count":2,"href":"http:\/\/www.lichtenborn.de\/index.php?rest_route=\/wp\/v2\/pages\/22\/revisions"}],"predecessor-version":[{"id":54,"href":"http:\/\/www.lichtenborn.de\/index.php?rest_route=\/wp\/v2\/pages\/22\/revisions\/54"}],"wp:attachment":[{"href":"http:\/\/www.lichtenborn.de\/index.php?rest_route=%2Fwp%2Fv2%2Fmedia&parent=22"}],"curies":[{"name":"wp","href":"https:\/\/api.w.org\/{rel}","templated":true}]}}