{"id":16,"date":"2021-01-13T15:13:40","date_gmt":"2021-01-13T14:13:40","guid":{"rendered":"http:\/\/www.lichtenborn.de\/?page_id=16"},"modified":"2023-05-09T12:05:12","modified_gmt":"2023-05-09T10:05:12","slug":"startseite","status":"publish","type":"page","link":"https:\/\/www.lichtenborn.de\/","title":{"rendered":"Startseite"},"content":{"rendered":"\n<p>Herzlich willkommen auf der Internetseite der Ortsgemeinde Lichtenborn. Ich darf Sie zu einem virtuellen Bummel durch unseren sch\u00f6nen Eifelort einladen. Gerne w\u00fcrde ich Sie auch gelegentlich pers\u00f6nlich bei uns willkommen hei\u00dfen!<\/p>\n\n\n\n<p>Alois Leick<br>Ortsb\u00fcrgermeister<\/p>\n\n\n\n<p><\/p>\n","protected":false},"excerpt":{"rendered":"<p>Herzlich willkommen auf der Internetseite der Ortsgemeinde Lichtenborn. Ich darf Sie zu einem virtuellen Bummel durch unseren sch\u00f6nen Eifelort einladen. Gerne w\u00fcrde ich Sie auch gelegentlich pers\u00f6nlich bei uns willkommen hei\u00dfen! Alois LeickOrtsb\u00fcrgermeister<\/p>\n","protected":false},"author":1,"featured_media":0,"parent":0,"menu_order":0,"comment_status":"closed","ping_status":"closed","template":"","meta":{"footnotes":""},"class_list":["post-16","page","type-page","status-publish","hentry"],"_links":{"self":[{"href":"https:\/\/www.lichtenborn.de\/index.php?rest_route=\/wp\/v2\/pages\/16","targetHints":{"allow":["GET"]}}],"collection":[{"href":"https:\/\/www.lichtenborn.de\/index.php?rest_route=\/wp\/v2\/pages"}],"about":[{"href":"https:\/\/www.lichtenborn.de\/index.php?rest_route=\/wp\/v2\/types\/page"}],"author":[{"embeddable":true,"href":"https:\/\/www.lichtenborn.de\/index.php?rest_route=\/wp\/v2\/users\/1"}],"replies":[{"embeddable":true,"href":"https:\/\/www.lichtenborn.de\/index.php?rest_route=%2Fwp%2Fv2%2Fcomments&post=16"}],"version-history":[{"count":3,"href":"https:\/\/www.lichtenborn.de\/index.php?rest_route=\/wp\/v2\/pages\/16\/revisions"}],"predecessor-version":[{"id":93,"href":"https:\/\/www.lichtenborn.de\/index.php?rest_route=\/wp\/v2\/pages\/16\/revisions\/93"}],"wp:attachment":[{"href":"https:\/\/www.lichtenborn.de\/index.php?rest_route=%2Fwp%2Fv2%2Fmedia&parent=16"}],"curies":[{"name":"wp","href":"https:\/\/api.w.org\/{rel}","templated":true}]}}